{"id":137,"date":"2016-08-18T15:32:02","date_gmt":"2016-08-18T13:32:02","guid":{"rendered":"http:\/\/www.flohmarkt-hollabrunn.at\/?page_id=137"},"modified":"2024-10-19T16:10:58","modified_gmt":"2024-10-19T14:10:58","slug":"kontakt","status":"publish","type":"page","link":"http:\/\/www.flohmarkt-hollabrunn.at\/?page_id=137","title":{"rendered":"KONTAKT\/ANFAHRT"},"content":{"rendered":"<p>[et_pb_section fb_built=&#8220;1&#8243; fullwidth=&#8220;on&#8220; custom_padding_last_edited=&#8220;on|desktop&#8220; admin_label=&#8220;section&#8220; _builder_version=&#8220;4.16&#8243; background_color=&#8220;#ffffff&#8220; background_image=&#8220;http:\/\/www.flohmarkt-hollabrunn.at\/wp-content\/uploads\/2016\/08\/Flohmarkt-Hollabrunn-Verkauf-1.jpg&#8220; custom_padding_tablet=&#8220;50px|0|50px|0&#8243; transparent_background=&#8220;off&#8220; padding_mobile=&#8220;off&#8220; make_fullwidth=&#8220;off&#8220; use_custom_width=&#8220;off&#8220; width_unit=&#8220;on&#8220; global_colors_info=&#8220;{}&#8220; custom_padding_phone=&#8220;50px|0|50px|0&#8243;][et_pb_fullwidth_header title=&#8220;ANTIKHALLE (FLOHMARKT HOLLABRUNN)&#8220; subhead=&#8220;IHR PERS\u00d6NLICHER KONTAKT&#8220; content_max_width=&#8220;none&#8220; admin_label=&#8220;Fullwidth Header&#8220; _builder_version=&#8220;4.16&#8243; background_color=&#8220;rgba(255, 255, 255, 0)&#8220; button_one_letter_spacing_hover=&#8220;0&#8243; button_two_letter_spacing_hover=&#8220;0&#8243; global_colors_info=&#8220;{}&#8220; button_one_text_size__hover_enabled=&#8220;off&#8220; button_two_text_size__hover_enabled=&#8220;off&#8220; button_one_text_color__hover_enabled=&#8220;off&#8220; button_two_text_color__hover_enabled=&#8220;off&#8220; button_one_border_width__hover_enabled=&#8220;off&#8220; button_two_border_width__hover_enabled=&#8220;off&#8220; button_one_border_color__hover_enabled=&#8220;off&#8220; button_two_border_color__hover_enabled=&#8220;off&#8220; button_one_border_radius__hover_enabled=&#8220;off&#8220; button_two_border_radius__hover_enabled=&#8220;off&#8220; button_one_letter_spacing__hover_enabled=&#8220;on&#8220; button_one_letter_spacing__hover=&#8220;0&#8243; button_two_letter_spacing__hover_enabled=&#8220;on&#8220; button_two_letter_spacing__hover=&#8220;0&#8243; button_one_bg_color__hover_enabled=&#8220;off&#8220; button_two_bg_color__hover_enabled=&#8220;off&#8220;][\/et_pb_fullwidth_header][\/et_pb_section][et_pb_section fb_built=&#8220;1&#8243; admin_label=&#8220;section&#8220; _builder_version=&#8220;4.16&#8243; global_colors_info=&#8220;{}&#8220;][et_pb_row admin_label=&#8220;row&#8220; _builder_version=&#8220;4.16&#8243; background_size=&#8220;initial&#8220; background_position=&#8220;top_left&#8220; background_repeat=&#8220;repeat&#8220; global_colors_info=&#8220;{}&#8220;][et_pb_column type=&#8220;4_4&#8243; _builder_version=&#8220;4.16&#8243; custom_padding=&#8220;|||&#8220; global_colors_info=&#8220;{}&#8220; custom_padding__hover=&#8220;|||&#8220;][et_pb_text admin_label=&#8220;Text&#8220; _builder_version=&#8220;4.16&#8243; background_size=&#8220;initial&#8220; background_position=&#8220;top_left&#8220; background_repeat=&#8220;repeat&#8220; use_border_color=&#8220;off&#8220; border_color=&#8220;#ffffff&#8220; border_style=&#8220;solid&#8220; global_colors_info=&#8220;{}&#8220;]F\u00fcr Fragen bez\u00fcglich Entr\u00fcmpelung, An- &amp; Verkauf oder Anmietung eines Flohmarktstandes in der Antikhalle stehen wir Ihnen selbstverst\u00e4ndlich gerne zur Verf\u00fcgung. Schicken Sie uns eine E-Mail oder w\u00e4hlen Sie die unten angef\u00fchrte Telefonnummer. Wir stehen Ihnen gerne zur Verf\u00fcgung.<br \/>\n[\/et_pb_text][\/et_pb_column][\/et_pb_row][et_pb_row admin_label=&#8220;row&#8220; _builder_version=&#8220;4.16&#8243; background_size=&#8220;initial&#8220; background_position=&#8220;top_left&#8220; background_repeat=&#8220;repeat&#8220; global_colors_info=&#8220;{}&#8220; column_structure=&#8220;1_2,1_2&#8243;][et_pb_column type=&#8220;1_2&#8243; _builder_version=&#8220;4.16&#8243; custom_padding=&#8220;|||&#8220; global_colors_info=&#8220;{}&#8220; custom_padding__hover=&#8220;|||&#8220;][et_pb_text admin_label=&#8220;Text&#8220; _builder_version=&#8220;4.27.2&#8243; background_size=&#8220;initial&#8220; background_position=&#8220;top_left&#8220; background_repeat=&#8220;repeat&#8220; hover_enabled=&#8220;0&#8243; use_border_color=&#8220;off&#8220; border_color=&#8220;#ffffff&#8220; border_style=&#8220;solid&#8220; global_colors_info=&#8220;{}&#8220; sticky_enabled=&#8220;0&#8243;]<\/p>\n<h3>ANTIKHALLE<\/h3>\n<p><em>(FLOHMARKT-HOLLABRUNN)<\/em><br \/>\nAum\u00fchlgasse 10<br \/>\n2020 Hollabrunn<\/p>\n<p><strong>Ge\u00f6ffnet <\/strong><\/p>\n<p>Freitag: 15:00 bis 19:00 Uhr<br \/>\nSamstag und Sonntag von 9:00 &#8211; 17:00 Uhr<\/p>\n<h3>ANKAUF &amp; STANDVERGABE<br \/>\n<strong>Ernst Saure 0664 23 05 847<\/strong><\/h3>\n<p>E-Mail: info@flohmarkt-hollabrunn.at<br \/>\nwww.flohmarkt-hollabrunn.at[\/et_pb_text][\/et_pb_column][et_pb_column type=&#8220;1_2&#8243; _builder_version=&#8220;4.16&#8243; custom_padding=&#8220;|||&#8220; global_colors_info=&#8220;{}&#8220; custom_padding__hover=&#8220;|||&#8220;][et_pb_text admin_label=&#8220;Text&#8220; _builder_version=&#8220;4.27.2&#8243; background_size=&#8220;initial&#8220; background_position=&#8220;top_left&#8220; background_repeat=&#8220;repeat&#8220; hover_enabled=&#8220;0&#8243; use_border_color=&#8220;off&#8220; border_color=&#8220;#ffffff&#8220; border_style=&#8220;solid&#8220; global_colors_info=&#8220;{}&#8220; sticky_enabled=&#8220;0&#8243;]<iframe src=\"https:\/\/www.google.com\/maps\/embed?pb=!1m18!1m12!1m3!1d2640.7190465341296!2d16.070368876309605!3d48.55777552181497!2m3!1f0!2f0!3f0!3m2!1i1024!2i768!4f13.1!3m3!1m2!1s0x476d6803b6b449a5%3A0xcdf50ee9bffe11b1!2sAum%C3%BChlgasse%2010%2C%202020%20Hollabrunn%2C%20%C3%96sterreich!5e0!3m2!1sde!2spy!4v1729347021511!5m2!1sde!2spy\" width=\"600\" height=\"450\" style=\"border:0;\" allowfullscreen=\"\" loading=\"lazy\" referrerpolicy=\"no-referrer-when-downgrade\"><\/iframe>[\/et_pb_text][\/et_pb_column][\/et_pb_row][\/et_pb_section]<\/p>\n","protected":false},"excerpt":{"rendered":"<p>F\u00fcr Fragen bez\u00fcglich Entr\u00fcmpelung, An- &amp; Verkauf oder Anmietung eines Flohmarktstandes in der Antikhalle stehen wir Ihnen selbstverst\u00e4ndlich gerne zur Verf\u00fcgung. Schicken Sie uns eine E-Mail oder w\u00e4hlen Sie die unten angef\u00fchrte Telefonnummer. Wir stehen Ihnen gerne zur Verf\u00fcgung. ANTIKHALLE (FLOHMARKT-HOLLABRUNN) Aum\u00fchlgasse 10 2020 Hollabrunn Ge\u00f6ffnet Freitag: 15:00 bis 19:00 Uhr Samstag und Sonntag von [&hellip;]<\/p>\n","protected":false},"author":1,"featured_media":0,"parent":0,"menu_order":0,"comment_status":"closed","ping_status":"closed","template":"","meta":{"_et_pb_use_builder":"on","_et_pb_old_content":"","_et_gb_content_width":"","footnotes":""},"class_list":["post-137","page","type-page","status-publish","hentry"],"_links":{"self":[{"href":"http:\/\/www.flohmarkt-hollabrunn.at\/index.php?rest_route=\/wp\/v2\/pages\/137"}],"collection":[{"href":"http:\/\/www.flohmarkt-hollabrunn.at\/index.php?rest_route=\/wp\/v2\/pages"}],"about":[{"href":"http:\/\/www.flohmarkt-hollabrunn.at\/index.php?rest_route=\/wp\/v2\/types\/page"}],"author":[{"embeddable":true,"href":"http:\/\/www.flohmarkt-hollabrunn.at\/index.php?rest_route=\/wp\/v2\/users\/1"}],"replies":[{"embeddable":true,"href":"http:\/\/www.flohmarkt-hollabrunn.at\/index.php?rest_route=%2Fwp%2Fv2%2Fcomments&post=137"}],"version-history":[{"count":19,"href":"http:\/\/www.flohmarkt-hollabrunn.at\/index.php?rest_route=\/wp\/v2\/pages\/137\/revisions"}],"predecessor-version":[{"id":445,"href":"http:\/\/www.flohmarkt-hollabrunn.at\/index.php?rest_route=\/wp\/v2\/pages\/137\/revisions\/445"}],"wp:attachment":[{"href":"http:\/\/www.flohmarkt-hollabrunn.at\/index.php?rest_route=%2Fwp%2Fv2%2Fmedia&parent=137"}],"curies":[{"name":"wp","href":"https:\/\/api.w.org\/{rel}","templated":true}]}}